{"id":37,"date":"2021-06-14T15:37:54","date_gmt":"2021-06-14T15:37:54","guid":{"rendered":"http:\/\/www.streakzcoiffure.com\/?page_id=37"},"modified":"2021-07-09T18:45:24","modified_gmt":"2021-07-09T18:45:24","slug":"events","status":"publish","type":"page","link":"http:\/\/www.streakzcoiffure.com\/fr\/events\/","title":{"rendered":"R\u00e9server pour une f\u00eate"},"content":{"rendered":"<div class=\"coblocks-form\" id=\"cd258d6256336c558a916891ba947c43fbb306a2\">\n\n\t\t\t\n\t\t\t<form action=\"http:\/\/www.streakzcoiffure.com\/fr\/events\/#cd258d6256336c558a916891ba947c43fbb306a2\" method=\"post\" data-trp-original-action=\"http:\/\/www.streakzcoiffure.com\/fr\/events\/#cd258d6256336c558a916891ba947c43fbb306a2\">\n\t\t\t\t\n\n<h1 class=\"has-primary-color has-text-color has-custom-font\" style=\"font-family:Faustina;font-size:34px\">R\u00e9server pour une f\u00eate<\/h1>\n\n\n<label for=\"full-name\" class=\"coblocks-label\">NOM ET PR\u00c9NOM <span class=\"required\">&#042;<\/span><\/label>\n\t\t<input type=\"hidden\" name=\"field-full-name[label]\" value=\"FULL Name\">\n\n\t\t\t\t<input type=\"hidden\" id=\"name-field-id\" name=\"name-field-id\" class=\"coblocks-name-field-id\" value=\"field-full-name\" \/>\n\t\t\n\t\t<input type=\"text\" id=\"full-name\" name=\"field-full-name[value]\" class=\"coblocks-field coblocks-field--name\" required \/>\n\n\t\t\n\n<label for=\"email\" class=\"coblocks-label\">Email <span class=\"required\">&#042;<\/span><\/label>\n\t\t<input type=\"hidden\" name=\"field-email[label]\" value=\"Email\">\n\n\t\t\n\t\t<input type=\"hidden\" id=\"email-field-id\" name=\"email-field-id\" class=\"coblocks-email-field-id\" value=\"field-email\" \/>\n\t\t<input type=\"email\" id=\"email\" name=\"field-email[value]\" class=\"coblocks-field coblocks-field--email\" required \/>\n\n\t\t\n\n<label for=\"phone-number\" class=\"coblocks-label\">NUM\u00c9RO DE T\u00c9L\u00c9PHONE <span class=\"required\">&#042;<\/span><\/label>\n\t\t<input type=\"hidden\" name=\"field-phone-number[label]\" value=\"Phone NUMBER\">\n\n\t\t\n\t\t<input type=\"tel\" id=\"phone-number\" name=\"field-phone-number[value]\" class=\"coblocks-field coblocks-field--telephone\" required \/>\n\n\t\t\n\n<label for=\"message\" class=\"coblocks-label\">Message<\/label>\n\t\t<input type=\"hidden\" name=\"field-message[label]\" value=\"Message\">\n\n\t\t\n\t\t<textarea name=\"field-message[value]\" id=\"message\" class=\"coblocks-field coblocks-textarea\" rows=\"20\" ><\/textarea>\n\n\t\t\n\n\n\t\t<div class=\"coblocks-form__submit wp-block-button\">\n\t\t\t<button type=\"submit\" class=\"wp-block-button__link\" style=\"\">Reserve maintenant<\/button>\n\t\t\t<input type=\"hidden\" id=\"form-submit\" name=\"form-submit\" value=\"c07fca2ec6\" \/><input type=\"hidden\" name=\"_wp_http_referer\" value=\"\/fr\/wp-json\/wp\/v2\/pages\/37\" \/>\t\t\t<input type=\"hidden\" name=\"action\" value=\"coblocks-form-submit\">\n\n\t\t\t\t\t<\/div>\n\n\t\t\n\t\t\t\t<input class=\"coblocks-field verify\" type=\"email\" name=\"coblocks-verify-email\" autocomplete=\"off\" placeholder=\"Email\" tabindex=\"-1\">\n\t\t\t\t<input type=\"hidden\" name=\"form-hash\" value=\"cd258d6256336c558a916891ba947c43fbb306a2\">\n\n\t\t\t\t\t\t\t<input type=\"hidden\" name=\"trp-form-language\" value=\"fr\"\/><\/form>\n\n\t\t<\/div>\n\n\t\t\n\n\n<p><\/p>","protected":false},"excerpt":{"rendered":"","protected":false},"author":1,"featured_media":0,"parent":0,"menu_order":0,"comment_status":"closed","ping_status":"closed","template":"","meta":{"hide_page_title":"","_coblocks_attr":"Faustina","_coblocks_dimensions":"","_coblocks_responsive_height":"","_coblocks_accordion_ie_support":""},"_links":{"self":[{"href":"http:\/\/www.streakzcoiffure.com\/fr\/wp-json\/wp\/v2\/pages\/37"}],"collection":[{"href":"http:\/\/www.streakzcoiffure.com\/fr\/wp-json\/wp\/v2\/pages"}],"about":[{"href":"http:\/\/www.streakzcoiffure.com\/fr\/wp-json\/wp\/v2\/types\/page"}],"author":[{"embeddable":true,"href":"http:\/\/www.streakzcoiffure.com\/fr\/wp-json\/wp\/v2\/users\/1"}],"replies":[{"embeddable":true,"href":"http:\/\/www.streakzcoiffure.com\/fr\/wp-json\/wp\/v2\/comments?post=37"}],"version-history":[{"count":9,"href":"http:\/\/www.streakzcoiffure.com\/fr\/wp-json\/wp\/v2\/pages\/37\/revisions"}],"predecessor-version":[{"id":313,"href":"http:\/\/www.streakzcoiffure.com\/fr\/wp-json\/wp\/v2\/pages\/37\/revisions\/313"}],"wp:attachment":[{"href":"http:\/\/www.streakzcoiffure.com\/fr\/wp-json\/wp\/v2\/media?parent=37"}],"curies":[{"name":"wp","href":"https:\/\/api.w.org\/{rel}","templated":true}]}}